{"id":100,"date":"2017-03-18T16:45:13","date_gmt":"2017-03-18T16:45:13","guid":{"rendered":"http:\/\/tsgdelphinarnstadt.de\/?page_id=100"},"modified":"2017-04-11T22:54:52","modified_gmt":"2017-04-11T20:54:52","slug":"ueber-uns","status":"publish","type":"page","link":"https:\/\/tsgdelphinarnstadt.de\/?page_id=100&lang=de","title":{"rendered":"\u00dcber uns"},"content":{"rendered":"<p><strong><img decoding=\"async\" loading=\"lazy\" class=\"alignleft\" src=\"https:\/\/tsgdelphinarnstadt.de\/pictures\/wir\/tsv.gif\" width=\"121\" height=\"169\" \/>Die Tauchsportgemeinschaft Arnstadt wurde 1956 als Sektion Tauchen in der GST (Gesellschaft f\u00fcr Sport und Technik) gegr\u00fcndet. Ihr Ziel war die vormilit\u00e4rische Ausbildung. Mit diesem Ziel wurde das Flossenschwimmen und das Orientierungstauchen bis zur Wettkampfreife trainiert &#8211; die Teilnahme an den DDR-Meisterschaften war f\u00fcr viele Mitglieder im Laufe der Jahre eines der lohnenswerten Ziele.<\/strong><\/p>\n<p><strong><img decoding=\"async\" class=\"alignright\" src=\"https:\/\/tsgdelphinarnstadt.de\/pictures\/wir\/VDSTLogo.gif\" \/>1990 erfolgte die Eintragung in das Vereinsregister als Tauchsportgemeinschaft Delphin Arnstadt e.V. Wir sind Mitglied im Verband Deutscher Sporttaucher e.V. (VDST). In den letzten Jahren haben wir einige\u00a0Auslandstauchreisen organisiert und durchgef\u00fchrt.<br \/>\n<\/strong><\/p>\n<p><strong>Unser Training soll allen die M\u00f6glichkeit geben, ihre F\u00e4higkeiten und ihre Kondition unter und \u00fcber Wasser zu verbessern.<\/strong><\/p>\n<p>&nbsp;<br \/>\n<a href=\"https:\/\/tsgdelphinarnstadt.de\/wp-content\/uploads\/2017\/03\/Gruppe2016.jpg\"><img decoding=\"async\" loading=\"lazy\" class=\"aligncenter wp-image-283 size-large\" src=\"https:\/\/tsgdelphinarnstadt.de\/wp-content\/uploads\/2017\/03\/Gruppe2016-1024x683.jpg\" alt=\"Mitglieder und Freunde des Vereins im August 2016\" width=\"640\" height=\"427\" srcset=\"https:\/\/tsgdelphinarnstadt.de\/wp-content\/uploads\/2017\/03\/Gruppe2016-1024x683.jpg 1024w, https:\/\/tsgdelphinarnstadt.de\/wp-content\/uploads\/2017\/03\/Gruppe2016-300x200.jpg 300w, https:\/\/tsgdelphinarnstadt.de\/wp-content\/uploads\/2017\/03\/Gruppe2016-768x512.jpg 768w, https:\/\/tsgdelphinarnstadt.de\/wp-content\/uploads\/2017\/03\/Gruppe2016-750x500.jpg 750w, https:\/\/tsgdelphinarnstadt.de\/wp-content\/uploads\/2017\/03\/Gruppe2016-272x182.jpg 272w, https:\/\/tsgdelphinarnstadt.de\/wp-content\/uploads\/2017\/03\/Gruppe2016.jpg 1569w\" sizes=\"(max-width: 640px) 100vw, 640px\" \/><\/a><\/p>\n","protected":false},"excerpt":{"rendered":"<p>Die Tauchsportgemeinschaft Arnstadt wurde 1956 als Sektion Tauchen in der GST (Gesellschaft f\u00fcr Sport und Technik) gegr\u00fcndet. Ihr Ziel war die vormilit\u00e4rische Ausbildung. Mit diesem Ziel wurde das Flossenschwimmen und das Orientierungstauchen bis zur Wettkampfreife trainiert &#8211; die Teilnahme an den DDR-Meisterschaften war f\u00fcr viele Mitglieder im Laufe der Jahre eines der lohnenswerten Ziele. 1990 <a href=\"https:\/\/tsgdelphinarnstadt.de\/?page_id=100&#038;lang=de\" rel=\"nofollow\"><span class=\"sr-only\">Read more about \u00dcber uns<\/span>[&hellip;]<\/a><\/p>\n","protected":false},"author":1,"featured_media":0,"parent":0,"menu_order":0,"comment_status":"closed","ping_status":"closed","template":"","meta":[],"_links":{"self":[{"href":"https:\/\/tsgdelphinarnstadt.de\/index.php?rest_route=\/wp\/v2\/pages\/100"}],"collection":[{"href":"https:\/\/tsgdelphinarnstadt.de\/index.php?rest_route=\/wp\/v2\/pages"}],"about":[{"href":"https:\/\/tsgdelphinarnstadt.de\/index.php?rest_route=\/wp\/v2\/types\/page"}],"author":[{"embeddable":true,"href":"https:\/\/tsgdelphinarnstadt.de\/index.php?rest_route=\/wp\/v2\/users\/1"}],"replies":[{"embeddable":true,"href":"https:\/\/tsgdelphinarnstadt.de\/index.php?rest_route=%2Fwp%2Fv2%2Fcomments&post=100"}],"version-history":[{"count":5,"href":"https:\/\/tsgdelphinarnstadt.de\/index.php?rest_route=\/wp\/v2\/pages\/100\/revisions"}],"predecessor-version":[{"id":287,"href":"https:\/\/tsgdelphinarnstadt.de\/index.php?rest_route=\/wp\/v2\/pages\/100\/revisions\/287"}],"wp:attachment":[{"href":"https:\/\/tsgdelphinarnstadt.de\/index.php?rest_route=%2Fwp%2Fv2%2Fmedia&parent=100"}],"curies":[{"name":"wp","href":"https:\/\/api.w.org\/{rel}","templated":true}]}}