{"id":106,"date":"2017-03-18T23:57:25","date_gmt":"2017-03-18T22:57:25","guid":{"rendered":"http:\/\/tsgdelphinarnstadt.de\/?page_id=106"},"modified":"2018-11-13T23:11:06","modified_gmt":"2018-11-13T22:11:06","slug":"dokumente","status":"publish","type":"page","link":"https:\/\/tsgdelphinarnstadt.de\/?page_id=106&lang=de","title":{"rendered":"Dokumente"},"content":{"rendered":"<p>Mitgliedsantrag<\/p>\n<p>Beitr\u00e4ge und Geb\u00fchren_Stand 2018<\/p>\n<p>Satzung<\/p>\n<p><a style=\"color: #404040;\" href=\"https:\/\/tsgdelphinarnstadt.de\/wp-content\/uploads\/2017\/03\/VDST-Tauchsportversicherung.pdf\" target=\"_blank\" rel=\"noopener noreferrer\">VDST-Tauchsportversicherung<\/a><\/p>\n<p><a style=\"color: #404040;\" href=\"https:\/\/tsgdelphinarnstadt.de\/wp-content\/uploads\/2017\/03\/VDST_Versicherung-Uebersicht-1.pdf\" target=\"_blank\" rel=\"noopener noreferrer\">VDST-Versicherung: \u00dcbersicht der Leistungen<\/a><\/p>\n","protected":false},"excerpt":{"rendered":"<p>Mitgliedsantrag Beitr\u00e4ge und Geb\u00fchren_Stand 2018 Satzung VDST-Tauchsportversicherung VDST-Versicherung: \u00dcbersicht der Leistungen<\/p>\n","protected":false},"author":1,"featured_media":0,"parent":0,"menu_order":0,"comment_status":"closed","ping_status":"closed","template":"","meta":[],"_links":{"self":[{"href":"https:\/\/tsgdelphinarnstadt.de\/index.php?rest_route=\/wp\/v2\/pages\/106"}],"collection":[{"href":"https:\/\/tsgdelphinarnstadt.de\/index.php?rest_route=\/wp\/v2\/pages"}],"about":[{"href":"https:\/\/tsgdelphinarnstadt.de\/index.php?rest_route=\/wp\/v2\/types\/page"}],"author":[{"embeddable":true,"href":"https:\/\/tsgdelphinarnstadt.de\/index.php?rest_route=\/wp\/v2\/users\/1"}],"replies":[{"embeddable":true,"href":"https:\/\/tsgdelphinarnstadt.de\/index.php?rest_route=%2Fwp%2Fv2%2Fcomments&post=106"}],"version-history":[{"count":16,"href":"https:\/\/tsgdelphinarnstadt.de\/index.php?rest_route=\/wp\/v2\/pages\/106\/revisions"}],"predecessor-version":[{"id":341,"href":"https:\/\/tsgdelphinarnstadt.de\/index.php?rest_route=\/wp\/v2\/pages\/106\/revisions\/341"}],"wp:attachment":[{"href":"https:\/\/tsgdelphinarnstadt.de\/index.php?rest_route=%2Fwp%2Fv2%2Fmedia&parent=106"}],"curies":[{"name":"wp","href":"https:\/\/api.w.org\/{rel}","templated":true}]}}